{"id":7373,"date":"2018-11-29T12:06:51","date_gmt":"2018-11-29T11:06:51","guid":{"rendered":"https:\/\/frequence-running.com\/blog\/?page_id=7373"},"modified":"2018-11-29T23:24:57","modified_gmt":"2018-11-29T22:24:57","slug":"confirmation-de-paiement-commande-carte-cadeau","status":"publish","type":"page","link":"https:\/\/frequence-running.com\/blog\/confirmation-de-paiement-commande-carte-cadeau\/","title":{"rendered":"Confirmation de paiement CARTE CADEAU"},"content":{"rendered":"<p><noscript><img class=\"aligncenter size-full wp-image-7383\" src=\"https:\/\/frequence-running.com\/blog\/wp-content\/uploads\/2018\/11\/check.jpg\" alt width=\"800\" height=\"300\" srcset=\"https:\/\/frequence-running.com\/blog\/wp-content\/uploads\/2018\/11\/check.jpg 800w, https:\/\/frequence-running.com\/blog\/wp-content\/uploads\/2018\/11\/check-300x113.jpg 300w, https:\/\/frequence-running.com\/blog\/wp-content\/uploads\/2018\/11\/check-768x288.jpg 768w\" sizes=\"(max-width: 800px) 100vw, 800px\"><\/noscript><img class=\"aligncenter size-full wp-image-7383 lazyload\" src=\"data:image\/svg+xml,%3Csvg%20xmlns%3D%22http%3A%2F%2Fwww.w3.org%2F2000%2Fsvg%22%20viewBox%3D%220%200%20800%20300%22%3E%3C%2Fsvg%3E\" alt width=\"800\" height=\"300\" srcset=\"data:image\/svg+xml,%3Csvg%20xmlns%3D%22http%3A%2F%2Fwww.w3.org%2F2000%2Fsvg%22%20viewBox%3D%220%200%20800%20300%22%3E%3C%2Fsvg%3E 800w\" sizes=\"(max-width: 800px) 100vw, 800px\" data-srcset=\"https:\/\/frequence-running.com\/blog\/wp-content\/uploads\/2018\/11\/check.jpg 800w, https:\/\/frequence-running.com\/blog\/wp-content\/uploads\/2018\/11\/check-300x113.jpg 300w, https:\/\/frequence-running.com\/blog\/wp-content\/uploads\/2018\/11\/check-768x288.jpg 768w\" data-src=\"https:\/\/frequence-running.com\/blog\/wp-content\/uploads\/2018\/11\/check.jpg\"><\/p>\n<p><strong>Merci pour votre confiance !&nbsp;<\/strong><\/p>\n<p>Le paiement est confirm\u00e9 et vous venez de faire un FREQUENCE Runner heureux \ud83d\ude09<\/p>\n<p>Dans les prochaines 24h, vous recevrez votre carte cadeau par mail. Pensez \u00e0 surveiller vos bo\u00eetes mails.<\/p>\n<p>&nbsp;<\/p>\n","protected":false},"excerpt":{"rendered":"<p>Merci pour votre confiance !&nbsp; Le paiement est confirm\u00e9 et vous venez de faire un FREQUENCE Runner heureux \ud83d\ude09 Dans les prochaines 24h, vous recevrez votre carte cadeau par mail. Pensez \u00e0 surveiller vos bo\u00eetes mails. &nbsp;<\/p>\n","protected":false},"author":1,"featured_media":7317,"parent":0,"menu_order":0,"comment_status":"closed","ping_status":"closed","template":"","meta":{"_mi_skip_tracking":false},"yoast_head":"<!-- This site is optimized with the Yoast SEO plugin v19.1 - https:\/\/yoast.com\/wordpress\/plugins\/seo\/ -->\n<title>Confirmation de paiement CARTE CADEAU - FREQUENCE Running<\/title>\n<meta name=\"description\" content=\"Tous les conseils sp\u00e9cialis\u00e9s dans l&#039;entra\u00eenement \u00e0 la course \u00e0 pied. Plan d&#039;entra\u00eenement personnalis\u00e9 et gratuit pour le 10km, semi-marathon et marathon.\" \/>\n<meta name=\"robots\" content=\"index, follow, max-snippet:-1, max-image-preview:large, max-video-preview:-1\" \/>\n<link rel=\"canonical\" href=\"https:\/\/frequence-running.com\/blog\/confirmation-de-paiement-commande-carte-cadeau\/\" \/>\n<meta property=\"og:locale\" content=\"fr_FR\" \/>\n<meta property=\"og:type\" content=\"article\" \/>\n<meta property=\"og:title\" content=\"Confirmation de paiement CARTE CADEAU - FREQUENCE Running\" \/>\n<meta property=\"og:description\" content=\"Tous les conseils sp\u00e9cialis\u00e9s dans l&#039;entra\u00eenement \u00e0 la course \u00e0 pied. Plan d&#039;entra\u00eenement personnalis\u00e9 et gratuit pour le 10km, semi-marathon et marathon.\" \/>\n<meta property=\"og:url\" content=\"https:\/\/frequence-running.com\/blog\/confirmation-de-paiement-commande-carte-cadeau\/\" \/>\n<meta property=\"og:site_name\" content=\"FREQUENCE Running\" \/>\n<meta property=\"article:publisher\" content=\"https:\/\/www.facebook.com\/frequencerunning\/\" \/>\n<meta property=\"article:modified_time\" content=\"2018-11-29T22:24:57+00:00\" \/>\n<meta property=\"og:image\" content=\"https:\/\/frequence-running.com\/blog\/wp-content\/uploads\/2018\/11\/black-friday-WILCO.jpeg\" \/>\n\t<meta property=\"og:image:width\" content=\"800\" \/>\n\t<meta property=\"og:image:height\" content=\"300\" \/>\n\t<meta property=\"og:image:type\" content=\"image\/jpeg\" \/>\n<meta name=\"twitter:card\" content=\"summary_large_image\" \/>\n<meta name=\"twitter:site\" content=\"@FrequenceRun\" \/>\n<script type=\"application\/ld+json\" class=\"yoast-schema-graph\">{\"@context\":\"https:\/\/schema.org\",\"@graph\":[{\"@type\":\"Organization\",\"@id\":\"https:\/\/frequence-running.com\/blog\/#organization\",\"name\":\"Frequence Running\",\"url\":\"https:\/\/frequence-running.com\/blog\/\",\"sameAs\":[\"https:\/\/www.instagram.com\/frequencerunning\/\",\"https:\/\/www.linkedin.com\/company\/frequence-running\/\",\"https:\/\/www.youtube.com\/channel\/UCCxWpWRcfXVp8KV0HgoJ98w\",\"https:\/\/www.facebook.com\/frequencerunning\/\",\"https:\/\/twitter.com\/FrequenceRun\"],\"logo\":{\"@type\":\"ImageObject\",\"inLanguage\":\"fr-FR\",\"@id\":\"https:\/\/frequence-running.com\/blog\/#\/schema\/logo\/image\/\",\"url\":\"https:\/\/frequence-running.com\/blog\/wp-content\/uploads\/2016\/10\/frequence-icon-long-2.png\",\"contentUrl\":\"https:\/\/frequence-running.com\/blog\/wp-content\/uploads\/2016\/10\/frequence-icon-long-2.png\",\"width\":350,\"height\":109,\"caption\":\"Frequence Running\"},\"image\":{\"@id\":\"https:\/\/frequence-running.com\/blog\/#\/schema\/logo\/image\/\"}},{\"@type\":\"WebSite\",\"@id\":\"https:\/\/frequence-running.com\/blog\/#website\",\"url\":\"https:\/\/frequence-running.com\/blog\/\",\"name\":\"FREQUENCE Running\",\"description\":\"Blog running - conseils - entra\u00eenement\",\"publisher\":{\"@id\":\"https:\/\/frequence-running.com\/blog\/#organization\"},\"potentialAction\":[{\"@type\":\"SearchAction\",\"target\":{\"@type\":\"EntryPoint\",\"urlTemplate\":\"https:\/\/frequence-running.com\/blog\/?s={search_term_string}\"},\"query-input\":\"required name=search_term_string\"}],\"inLanguage\":\"fr-FR\"},{\"@type\":\"ImageObject\",\"inLanguage\":\"fr-FR\",\"@id\":\"https:\/\/frequence-running.com\/blog\/confirmation-de-paiement-commande-carte-cadeau\/#primaryimage\",\"url\":\"https:\/\/frequence-running.com\/blog\/wp-content\/uploads\/2018\/11\/black-friday-WILCO.jpeg\",\"contentUrl\":\"https:\/\/frequence-running.com\/blog\/wp-content\/uploads\/2018\/11\/black-friday-WILCO.jpeg\",\"width\":800,\"height\":300},{\"@type\":\"WebPage\",\"@id\":\"https:\/\/frequence-running.com\/blog\/confirmation-de-paiement-commande-carte-cadeau\/#webpage\",\"url\":\"https:\/\/frequence-running.com\/blog\/confirmation-de-paiement-commande-carte-cadeau\/\",\"name\":\"Confirmation de paiement CARTE CADEAU - FREQUENCE Running\",\"isPartOf\":{\"@id\":\"https:\/\/frequence-running.com\/blog\/#website\"},\"primaryImageOfPage\":{\"@id\":\"https:\/\/frequence-running.com\/blog\/confirmation-de-paiement-commande-carte-cadeau\/#primaryimage\"},\"datePublished\":\"2018-11-29T11:06:51+00:00\",\"dateModified\":\"2018-11-29T22:24:57+00:00\",\"description\":\"Tous les conseils sp\u00e9cialis\u00e9s dans l'entra\u00eenement \u00e0 la course \u00e0 pied. Plan d'entra\u00eenement personnalis\u00e9 et gratuit pour le 10km, semi-marathon et marathon.\",\"breadcrumb\":{\"@id\":\"https:\/\/frequence-running.com\/blog\/confirmation-de-paiement-commande-carte-cadeau\/#breadcrumb\"},\"inLanguage\":\"fr-FR\",\"potentialAction\":[{\"@type\":\"ReadAction\",\"target\":[\"https:\/\/frequence-running.com\/blog\/confirmation-de-paiement-commande-carte-cadeau\/\"]}]},{\"@type\":\"BreadcrumbList\",\"@id\":\"https:\/\/frequence-running.com\/blog\/confirmation-de-paiement-commande-carte-cadeau\/#breadcrumb\",\"itemListElement\":[{\"@type\":\"ListItem\",\"position\":1,\"name\":\"Accueil\",\"item\":\"https:\/\/frequence-running.com\/blog\/\"},{\"@type\":\"ListItem\",\"position\":2,\"name\":\"Confirmation de paiement CARTE CADEAU\"}]}]}<\/script>\n<!-- \/ Yoast SEO plugin. -->","yoast_head_json":{"title":"Confirmation de paiement CARTE CADEAU - FREQUENCE Running","description":"Tous les conseils sp\u00e9cialis\u00e9s dans l'entra\u00eenement \u00e0 la course \u00e0 pied. Plan d'entra\u00eenement personnalis\u00e9 et gratuit pour le 10km, semi-marathon et marathon.","robots":{"index":"index","follow":"follow","max-snippet":"max-snippet:-1","max-image-preview":"max-image-preview:large","max-video-preview":"max-video-preview:-1"},"canonical":"https:\/\/frequence-running.com\/blog\/confirmation-de-paiement-commande-carte-cadeau\/","og_locale":"fr_FR","og_type":"article","og_title":"Confirmation de paiement CARTE CADEAU - FREQUENCE Running","og_description":"Tous les conseils sp\u00e9cialis\u00e9s dans l'entra\u00eenement \u00e0 la course \u00e0 pied. Plan d'entra\u00eenement personnalis\u00e9 et gratuit pour le 10km, semi-marathon et marathon.","og_url":"https:\/\/frequence-running.com\/blog\/confirmation-de-paiement-commande-carte-cadeau\/","og_site_name":"FREQUENCE Running","article_publisher":"https:\/\/www.facebook.com\/frequencerunning\/","article_modified_time":"2018-11-29T22:24:57+00:00","og_image":[{"width":800,"height":300,"url":"https:\/\/frequence-running.com\/blog\/wp-content\/uploads\/2018\/11\/black-friday-WILCO.jpeg","type":"image\/jpeg"}],"twitter_card":"summary_large_image","twitter_site":"@FrequenceRun","schema":{"@context":"https:\/\/schema.org","@graph":[{"@type":"Organization","@id":"https:\/\/frequence-running.com\/blog\/#organization","name":"Frequence Running","url":"https:\/\/frequence-running.com\/blog\/","sameAs":["https:\/\/www.instagram.com\/frequencerunning\/","https:\/\/www.linkedin.com\/company\/frequence-running\/","https:\/\/www.youtube.com\/channel\/UCCxWpWRcfXVp8KV0HgoJ98w","https:\/\/www.facebook.com\/frequencerunning\/","https:\/\/twitter.com\/FrequenceRun"],"logo":{"@type":"ImageObject","inLanguage":"fr-FR","@id":"https:\/\/frequence-running.com\/blog\/#\/schema\/logo\/image\/","url":"https:\/\/frequence-running.com\/blog\/wp-content\/uploads\/2016\/10\/frequence-icon-long-2.png","contentUrl":"https:\/\/frequence-running.com\/blog\/wp-content\/uploads\/2016\/10\/frequence-icon-long-2.png","width":350,"height":109,"caption":"Frequence Running"},"image":{"@id":"https:\/\/frequence-running.com\/blog\/#\/schema\/logo\/image\/"}},{"@type":"WebSite","@id":"https:\/\/frequence-running.com\/blog\/#website","url":"https:\/\/frequence-running.com\/blog\/","name":"FREQUENCE Running","description":"Blog running - conseils - entra\u00eenement","publisher":{"@id":"https:\/\/frequence-running.com\/blog\/#organization"},"potentialAction":[{"@type":"SearchAction","target":{"@type":"EntryPoint","urlTemplate":"https:\/\/frequence-running.com\/blog\/?s={search_term_string}"},"query-input":"required name=search_term_string"}],"inLanguage":"fr-FR"},{"@type":"ImageObject","inLanguage":"fr-FR","@id":"https:\/\/frequence-running.com\/blog\/confirmation-de-paiement-commande-carte-cadeau\/#primaryimage","url":"https:\/\/frequence-running.com\/blog\/wp-content\/uploads\/2018\/11\/black-friday-WILCO.jpeg","contentUrl":"https:\/\/frequence-running.com\/blog\/wp-content\/uploads\/2018\/11\/black-friday-WILCO.jpeg","width":800,"height":300},{"@type":"WebPage","@id":"https:\/\/frequence-running.com\/blog\/confirmation-de-paiement-commande-carte-cadeau\/#webpage","url":"https:\/\/frequence-running.com\/blog\/confirmation-de-paiement-commande-carte-cadeau\/","name":"Confirmation de paiement CARTE CADEAU - FREQUENCE Running","isPartOf":{"@id":"https:\/\/frequence-running.com\/blog\/#website"},"primaryImageOfPage":{"@id":"https:\/\/frequence-running.com\/blog\/confirmation-de-paiement-commande-carte-cadeau\/#primaryimage"},"datePublished":"2018-11-29T11:06:51+00:00","dateModified":"2018-11-29T22:24:57+00:00","description":"Tous les conseils sp\u00e9cialis\u00e9s dans l'entra\u00eenement \u00e0 la course \u00e0 pied. Plan d'entra\u00eenement personnalis\u00e9 et gratuit pour le 10km, semi-marathon et marathon.","breadcrumb":{"@id":"https:\/\/frequence-running.com\/blog\/confirmation-de-paiement-commande-carte-cadeau\/#breadcrumb"},"inLanguage":"fr-FR","potentialAction":[{"@type":"ReadAction","target":["https:\/\/frequence-running.com\/blog\/confirmation-de-paiement-commande-carte-cadeau\/"]}]},{"@type":"BreadcrumbList","@id":"https:\/\/frequence-running.com\/blog\/confirmation-de-paiement-commande-carte-cadeau\/#breadcrumb","itemListElement":[{"@type":"ListItem","position":1,"name":"Accueil","item":"https:\/\/frequence-running.com\/blog\/"},{"@type":"ListItem","position":2,"name":"Confirmation de paiement CARTE CADEAU"}]}]}},"_links":{"self":[{"href":"https:\/\/frequence-running.com\/blog\/wp-json\/wp\/v2\/pages\/7373"}],"collection":[{"href":"https:\/\/frequence-running.com\/blog\/wp-json\/wp\/v2\/pages"}],"about":[{"href":"https:\/\/frequence-running.com\/blog\/wp-json\/wp\/v2\/types\/page"}],"author":[{"embeddable":true,"href":"https:\/\/frequence-running.com\/blog\/wp-json\/wp\/v2\/users\/1"}],"replies":[{"embeddable":true,"href":"https:\/\/frequence-running.com\/blog\/wp-json\/wp\/v2\/comments?post=7373"}],"version-history":[{"count":8,"href":"https:\/\/frequence-running.com\/blog\/wp-json\/wp\/v2\/pages\/7373\/revisions"}],"predecessor-version":[{"id":13204,"href":"https:\/\/frequence-running.com\/blog\/wp-json\/wp\/v2\/pages\/7373\/revisions\/13204"}],"wp:featuredmedia":[{"embeddable":true,"href":"https:\/\/frequence-running.com\/blog\/wp-json\/wp\/v2\/media\/7317"}],"wp:attachment":[{"href":"https:\/\/frequence-running.com\/blog\/wp-json\/wp\/v2\/media?parent=7373"}],"curies":[{"name":"wp","href":"https:\/\/api.w.org\/{rel}","templated":true}]}}