{"id":7083,"date":"2018-10-26T18:15:13","date_gmt":"2018-10-26T16:15:13","guid":{"rendered":"https:\/\/frequence-running.com\/blog\/?page_id=7083"},"modified":"2019-10-03T12:02:13","modified_gmt":"2019-10-03T10:02:13","slug":"vote-newsletter","status":"publish","type":"page","link":"https:\/\/frequence-running.com\/blog\/vote-newsletter\/","title":{"rendered":"\u00ab A vot\u00e9 ! \u00bb"},"content":{"rendered":"<p><noscript><img class=\"aligncenter size-full wp-image-7383\" src=\"https:\/\/frequence-running.com\/blog\/wp-content\/uploads\/2018\/11\/check.jpg\" alt width=\"800\" height=\"300\" srcset=\"https:\/\/frequence-running.com\/blog\/wp-content\/uploads\/2018\/11\/check.jpg 800w, https:\/\/frequence-running.com\/blog\/wp-content\/uploads\/2018\/11\/check-300x113.jpg 300w, https:\/\/frequence-running.com\/blog\/wp-content\/uploads\/2018\/11\/check-768x288.jpg 768w\" sizes=\"(max-width: 800px) 100vw, 800px\"><\/noscript><img class=\"aligncenter size-full wp-image-7383 lazyload\" src=\"data:image\/svg+xml,%3Csvg%20xmlns%3D%22http%3A%2F%2Fwww.w3.org%2F2000%2Fsvg%22%20viewBox%3D%220%200%20800%20300%22%3E%3C%2Fsvg%3E\" alt width=\"800\" height=\"300\" srcset=\"data:image\/svg+xml,%3Csvg%20xmlns%3D%22http%3A%2F%2Fwww.w3.org%2F2000%2Fsvg%22%20viewBox%3D%220%200%20800%20300%22%3E%3C%2Fsvg%3E 800w\" sizes=\"(max-width: 800px) 100vw, 800px\" data-srcset=\"https:\/\/frequence-running.com\/blog\/wp-content\/uploads\/2018\/11\/check.jpg 800w, https:\/\/frequence-running.com\/blog\/wp-content\/uploads\/2018\/11\/check-300x113.jpg 300w, https:\/\/frequence-running.com\/blog\/wp-content\/uploads\/2018\/11\/check-768x288.jpg 768w\" data-src=\"https:\/\/frequence-running.com\/blog\/wp-content\/uploads\/2018\/11\/check.jpg\">Merci pour votre participation ! Surveillez votre bo\u00eete mail d\u00e8s la semaine prochaine pour d\u00e9couvrir si vous avez gagn\u00e9 votre abonnement <strong><a href=\"https:\/\/frequence-running.com\/premium.html\">PREMIUM<\/a><\/strong> ! Bonne continuation dans votre pr\u00e9paration cher FREQUENCE Runner !<\/p>\n<p><strong>PS :<\/strong> Si vous aimez l&rsquo;application, donnez votre avis sur votre store <strong><a href=\"https:\/\/itunes.apple.com\/fr\/app\/frequence-running\/id1099098734?mt=8\">Apple Store<\/a><\/strong> ou <a href=\"https:\/\/play.google.com\/store\/apps\/details?id=com.jby.frequence&amp;hl=fr\"><strong>Google Play<\/strong><\/a><\/p>\n<p>\u00c7a nous fait toujours plaisir&nbsp;\ud83d\ude42<\/p>\n\n\n<p><\/p>\n","protected":false},"excerpt":{"rendered":"<p>Merci pour votre participation ! Surveillez votre bo\u00eete mail d\u00e8s la semaine prochaine pour d\u00e9couvrir si vous avez gagn\u00e9 votre abonnement PREMIUM ! Bonne continuation dans votre pr\u00e9paration cher FREQUENCE Runner ! PS : Si vous aimez l&rsquo;application, donnez votre avis sur votre store Apple Store ou Google Play \u00c7a nous fait toujours plaisir&nbsp;\ud83d\ude42<\/p>\n","protected":false},"author":3,"featured_media":0,"parent":0,"menu_order":0,"comment_status":"closed","ping_status":"closed","template":"","meta":{"_mi_skip_tracking":false},"yoast_head":"<!-- This site is optimized with the Yoast SEO plugin v19.1 - https:\/\/yoast.com\/wordpress\/plugins\/seo\/ -->\n<title>\u00ab A vot\u00e9 ! \u00bb - FREQUENCE Running<\/title>\n<meta name=\"description\" content=\"Tous les conseils sp\u00e9cialis\u00e9s dans l&#039;entra\u00eenement \u00e0 la course \u00e0 pied. Plan d&#039;entra\u00eenement personnalis\u00e9 et gratuit pour le 10km, semi-marathon et marathon.\" \/>\n<meta name=\"robots\" content=\"index, follow, max-snippet:-1, max-image-preview:large, max-video-preview:-1\" \/>\n<link rel=\"canonical\" href=\"https:\/\/frequence-running.com\/blog\/vote-newsletter\/\" \/>\n<meta property=\"og:locale\" content=\"fr_FR\" \/>\n<meta property=\"og:type\" content=\"article\" \/>\n<meta property=\"og:title\" content=\"\u00ab A vot\u00e9 ! \u00bb - FREQUENCE Running\" \/>\n<meta property=\"og:description\" content=\"Tous les conseils sp\u00e9cialis\u00e9s dans l&#039;entra\u00eenement \u00e0 la course \u00e0 pied. Plan d&#039;entra\u00eenement personnalis\u00e9 et gratuit pour le 10km, semi-marathon et marathon.\" \/>\n<meta property=\"og:url\" content=\"https:\/\/frequence-running.com\/blog\/vote-newsletter\/\" \/>\n<meta property=\"og:site_name\" content=\"FREQUENCE Running\" \/>\n<meta property=\"article:publisher\" content=\"https:\/\/www.facebook.com\/frequencerunning\/\" \/>\n<meta property=\"article:modified_time\" content=\"2019-10-03T10:02:13+00:00\" \/>\n<meta property=\"og:image\" content=\"https:\/\/frequence-running.com\/blog\/wp-content\/uploads\/2018\/11\/check.jpg\" \/>\n<meta name=\"twitter:card\" content=\"summary_large_image\" \/>\n<meta name=\"twitter:site\" content=\"@FrequenceRun\" \/>\n<script type=\"application\/ld+json\" class=\"yoast-schema-graph\">{\"@context\":\"https:\/\/schema.org\",\"@graph\":[{\"@type\":\"Organization\",\"@id\":\"https:\/\/frequence-running.com\/blog\/#organization\",\"name\":\"Frequence Running\",\"url\":\"https:\/\/frequence-running.com\/blog\/\",\"sameAs\":[\"https:\/\/www.instagram.com\/frequencerunning\/\",\"https:\/\/www.linkedin.com\/company\/frequence-running\/\",\"https:\/\/www.youtube.com\/channel\/UCCxWpWRcfXVp8KV0HgoJ98w\",\"https:\/\/www.facebook.com\/frequencerunning\/\",\"https:\/\/twitter.com\/FrequenceRun\"],\"logo\":{\"@type\":\"ImageObject\",\"inLanguage\":\"fr-FR\",\"@id\":\"https:\/\/frequence-running.com\/blog\/#\/schema\/logo\/image\/\",\"url\":\"https:\/\/frequence-running.com\/blog\/wp-content\/uploads\/2016\/10\/frequence-icon-long-2.png\",\"contentUrl\":\"https:\/\/frequence-running.com\/blog\/wp-content\/uploads\/2016\/10\/frequence-icon-long-2.png\",\"width\":350,\"height\":109,\"caption\":\"Frequence Running\"},\"image\":{\"@id\":\"https:\/\/frequence-running.com\/blog\/#\/schema\/logo\/image\/\"}},{\"@type\":\"WebSite\",\"@id\":\"https:\/\/frequence-running.com\/blog\/#website\",\"url\":\"https:\/\/frequence-running.com\/blog\/\",\"name\":\"FREQUENCE Running\",\"description\":\"Blog running - conseils - entra\u00eenement\",\"publisher\":{\"@id\":\"https:\/\/frequence-running.com\/blog\/#organization\"},\"potentialAction\":[{\"@type\":\"SearchAction\",\"target\":{\"@type\":\"EntryPoint\",\"urlTemplate\":\"https:\/\/frequence-running.com\/blog\/?s={search_term_string}\"},\"query-input\":\"required name=search_term_string\"}],\"inLanguage\":\"fr-FR\"},{\"@type\":\"ImageObject\",\"inLanguage\":\"fr-FR\",\"@id\":\"https:\/\/frequence-running.com\/blog\/vote-newsletter\/#primaryimage\",\"url\":\"https:\/\/frequence-running.com\/blog\/wp-content\/uploads\/2018\/11\/check.jpg\",\"contentUrl\":\"https:\/\/frequence-running.com\/blog\/wp-content\/uploads\/2018\/11\/check.jpg\",\"width\":800,\"height\":300},{\"@type\":\"WebPage\",\"@id\":\"https:\/\/frequence-running.com\/blog\/vote-newsletter\/#webpage\",\"url\":\"https:\/\/frequence-running.com\/blog\/vote-newsletter\/\",\"name\":\"\u00ab A vot\u00e9 ! \u00bb - FREQUENCE Running\",\"isPartOf\":{\"@id\":\"https:\/\/frequence-running.com\/blog\/#website\"},\"primaryImageOfPage\":{\"@id\":\"https:\/\/frequence-running.com\/blog\/vote-newsletter\/#primaryimage\"},\"datePublished\":\"2018-10-26T16:15:13+00:00\",\"dateModified\":\"2019-10-03T10:02:13+00:00\",\"description\":\"Tous les conseils sp\u00e9cialis\u00e9s dans l'entra\u00eenement \u00e0 la course \u00e0 pied. Plan d'entra\u00eenement personnalis\u00e9 et gratuit pour le 10km, semi-marathon et marathon.\",\"breadcrumb\":{\"@id\":\"https:\/\/frequence-running.com\/blog\/vote-newsletter\/#breadcrumb\"},\"inLanguage\":\"fr-FR\",\"potentialAction\":[{\"@type\":\"ReadAction\",\"target\":[\"https:\/\/frequence-running.com\/blog\/vote-newsletter\/\"]}]},{\"@type\":\"BreadcrumbList\",\"@id\":\"https:\/\/frequence-running.com\/blog\/vote-newsletter\/#breadcrumb\",\"itemListElement\":[{\"@type\":\"ListItem\",\"position\":1,\"name\":\"Accueil\",\"item\":\"https:\/\/frequence-running.com\/blog\/\"},{\"@type\":\"ListItem\",\"position\":2,\"name\":\"\u00ab A vot\u00e9 ! \u00bb\"}]}]}<\/script>\n<!-- \/ Yoast SEO plugin. -->","yoast_head_json":{"title":"\u00ab A vot\u00e9 ! \u00bb - FREQUENCE Running","description":"Tous les conseils sp\u00e9cialis\u00e9s dans l'entra\u00eenement \u00e0 la course \u00e0 pied. Plan d'entra\u00eenement personnalis\u00e9 et gratuit pour le 10km, semi-marathon et marathon.","robots":{"index":"index","follow":"follow","max-snippet":"max-snippet:-1","max-image-preview":"max-image-preview:large","max-video-preview":"max-video-preview:-1"},"canonical":"https:\/\/frequence-running.com\/blog\/vote-newsletter\/","og_locale":"fr_FR","og_type":"article","og_title":"\u00ab A vot\u00e9 ! \u00bb - FREQUENCE Running","og_description":"Tous les conseils sp\u00e9cialis\u00e9s dans l'entra\u00eenement \u00e0 la course \u00e0 pied. Plan d'entra\u00eenement personnalis\u00e9 et gratuit pour le 10km, semi-marathon et marathon.","og_url":"https:\/\/frequence-running.com\/blog\/vote-newsletter\/","og_site_name":"FREQUENCE Running","article_publisher":"https:\/\/www.facebook.com\/frequencerunning\/","article_modified_time":"2019-10-03T10:02:13+00:00","og_image":[{"url":"https:\/\/frequence-running.com\/blog\/wp-content\/uploads\/2018\/11\/check.jpg"}],"twitter_card":"summary_large_image","twitter_site":"@FrequenceRun","schema":{"@context":"https:\/\/schema.org","@graph":[{"@type":"Organization","@id":"https:\/\/frequence-running.com\/blog\/#organization","name":"Frequence Running","url":"https:\/\/frequence-running.com\/blog\/","sameAs":["https:\/\/www.instagram.com\/frequencerunning\/","https:\/\/www.linkedin.com\/company\/frequence-running\/","https:\/\/www.youtube.com\/channel\/UCCxWpWRcfXVp8KV0HgoJ98w","https:\/\/www.facebook.com\/frequencerunning\/","https:\/\/twitter.com\/FrequenceRun"],"logo":{"@type":"ImageObject","inLanguage":"fr-FR","@id":"https:\/\/frequence-running.com\/blog\/#\/schema\/logo\/image\/","url":"https:\/\/frequence-running.com\/blog\/wp-content\/uploads\/2016\/10\/frequence-icon-long-2.png","contentUrl":"https:\/\/frequence-running.com\/blog\/wp-content\/uploads\/2016\/10\/frequence-icon-long-2.png","width":350,"height":109,"caption":"Frequence Running"},"image":{"@id":"https:\/\/frequence-running.com\/blog\/#\/schema\/logo\/image\/"}},{"@type":"WebSite","@id":"https:\/\/frequence-running.com\/blog\/#website","url":"https:\/\/frequence-running.com\/blog\/","name":"FREQUENCE Running","description":"Blog running - conseils - entra\u00eenement","publisher":{"@id":"https:\/\/frequence-running.com\/blog\/#organization"},"potentialAction":[{"@type":"SearchAction","target":{"@type":"EntryPoint","urlTemplate":"https:\/\/frequence-running.com\/blog\/?s={search_term_string}"},"query-input":"required name=search_term_string"}],"inLanguage":"fr-FR"},{"@type":"ImageObject","inLanguage":"fr-FR","@id":"https:\/\/frequence-running.com\/blog\/vote-newsletter\/#primaryimage","url":"https:\/\/frequence-running.com\/blog\/wp-content\/uploads\/2018\/11\/check.jpg","contentUrl":"https:\/\/frequence-running.com\/blog\/wp-content\/uploads\/2018\/11\/check.jpg","width":800,"height":300},{"@type":"WebPage","@id":"https:\/\/frequence-running.com\/blog\/vote-newsletter\/#webpage","url":"https:\/\/frequence-running.com\/blog\/vote-newsletter\/","name":"\u00ab A vot\u00e9 ! \u00bb - FREQUENCE Running","isPartOf":{"@id":"https:\/\/frequence-running.com\/blog\/#website"},"primaryImageOfPage":{"@id":"https:\/\/frequence-running.com\/blog\/vote-newsletter\/#primaryimage"},"datePublished":"2018-10-26T16:15:13+00:00","dateModified":"2019-10-03T10:02:13+00:00","description":"Tous les conseils sp\u00e9cialis\u00e9s dans l'entra\u00eenement \u00e0 la course \u00e0 pied. Plan d'entra\u00eenement personnalis\u00e9 et gratuit pour le 10km, semi-marathon et marathon.","breadcrumb":{"@id":"https:\/\/frequence-running.com\/blog\/vote-newsletter\/#breadcrumb"},"inLanguage":"fr-FR","potentialAction":[{"@type":"ReadAction","target":["https:\/\/frequence-running.com\/blog\/vote-newsletter\/"]}]},{"@type":"BreadcrumbList","@id":"https:\/\/frequence-running.com\/blog\/vote-newsletter\/#breadcrumb","itemListElement":[{"@type":"ListItem","position":1,"name":"Accueil","item":"https:\/\/frequence-running.com\/blog\/"},{"@type":"ListItem","position":2,"name":"\u00ab A vot\u00e9 ! \u00bb"}]}]}},"_links":{"self":[{"href":"https:\/\/frequence-running.com\/blog\/wp-json\/wp\/v2\/pages\/7083"}],"collection":[{"href":"https:\/\/frequence-running.com\/blog\/wp-json\/wp\/v2\/pages"}],"about":[{"href":"https:\/\/frequence-running.com\/blog\/wp-json\/wp\/v2\/types\/page"}],"author":[{"embeddable":true,"href":"https:\/\/frequence-running.com\/blog\/wp-json\/wp\/v2\/users\/3"}],"replies":[{"embeddable":true,"href":"https:\/\/frequence-running.com\/blog\/wp-json\/wp\/v2\/comments?post=7083"}],"version-history":[{"count":9,"href":"https:\/\/frequence-running.com\/blog\/wp-json\/wp\/v2\/pages\/7083\/revisions"}],"predecessor-version":[{"id":11155,"href":"https:\/\/frequence-running.com\/blog\/wp-json\/wp\/v2\/pages\/7083\/revisions\/11155"}],"wp:attachment":[{"href":"https:\/\/frequence-running.com\/blog\/wp-json\/wp\/v2\/media?parent=7083"}],"curies":[{"name":"wp","href":"https:\/\/api.w.org\/{rel}","templated":true}]}}